{"id":20,"date":"2023-09-12T12:59:38","date_gmt":"2023-09-12T09:59:38","guid":{"rendered":"http:\/\/narpharma.com\/?page_id=20"},"modified":"2024-02-20T01:19:53","modified_gmt":"2024-02-19T22:19:53","slug":"about","status":"publish","type":"page","link":"https:\/\/narpharma.com\/index.php\/about\/","title":{"rendered":"About"},"content":{"rendered":"<p>[et_pb_section fb_built=&#8221;1&#8243; _builder_version=&#8221;4.22.2&#8243; _module_preset=&#8221;default&#8221; global_colors_info=&#8221;{}&#8221;][et_pb_row _builder_version=&#8221;4.22.2&#8243; _module_preset=&#8221;default&#8221; global_colors_info=&#8221;{}&#8221;][et_pb_column type=&#8221;4_4&#8243; _builder_version=&#8221;4.22.2&#8243; _module_preset=&#8221;default&#8221; global_colors_info=&#8221;{}&#8221;][et_pb_text admin_label=&#8221;About&#8221; _builder_version=&#8221;4.24.1&#8243; _module_preset=&#8221;default&#8221; text_font=&#8221;|600|||||||&#8221; text_text_color=&#8221;#000000&#8243; text_font_size=&#8221;16px&#8221; header_2_font=&#8221;||||||||&#8221; header_2_text_color=&#8221;#89173B&#8221; text_text_shadow_style=&#8221;preset2&#8243; text_text_shadow_color=&#8221;rgba(137,23,59,0.26)&#8221; header_2_text_shadow_style=&#8221;preset2&#8243; global_colors_info=&#8221;{}&#8221;]<\/p>\n<h2 align=\"center\"><span style=\"font-size: large;\"><b>ABOUT<\/b><\/span><\/h2>\n<p>&nbsp;<\/p>\n<p>Nar Pharma is a pharmaceutical, food supplement and food company founded in 2023 by two young business people who wanted to gather nearly 20 years of experience gained in leading companies in the sector under their own company roof.<\/p>\n<p>It was established in order to cooperate with leading and professional manufacturers in its field, produce its own products in Turkey, sell and market them in the foreign market and export them.<\/p>\n<p>Founded on the principles of quality, customer satisfaction and solution orientation, the company promises all its stakeholders a full cooperation filtered through professionalism and experience.<\/p>\n<p style=\"text-align: center;\">[\/et_pb_text][et_pb_divider _builder_version=&#8221;4.24.1&#8243; _module_preset=&#8221;default&#8221; global_colors_info=&#8221;{}&#8221;][\/et_pb_divider][et_pb_text _builder_version=&#8221;4.24.1&#8243; _module_preset=&#8221;default&#8221; text_font=&#8221;|600|||||||&#8221; text_text_color=&#8221;#000000&#8243; text_font_size=&#8221;16px&#8221; header_2_font=&#8221;||||||||&#8221; header_2_text_color=&#8221;#89173B&#8221; hover_enabled=&#8221;0&#8243; text_text_shadow_style=&#8221;preset2&#8243; text_text_shadow_color=&#8221;rgba(137,23,59,0.26)&#8221; header_2_text_shadow_style=&#8221;preset2&#8243; global_colors_info=&#8221;{}&#8221; sticky_enabled=&#8221;0&#8243;]<\/p>\n<h2 style=\"text-align: center;\"><span style=\"font-size: large;\"><b>FOUNDERS<\/b><\/span><\/h2>\n<p>[\/et_pb_text][\/et_pb_column][\/et_pb_row][et_pb_row column_structure=&#8221;1_2,1_2&#8243; _builder_version=&#8221;4.22.2&#8243; _module_preset=&#8221;default&#8221; min_height=&#8221;374.7px&#8221; custom_margin=&#8221;-29px|auto||auto||&#8221; global_colors_info=&#8221;{}&#8221;][et_pb_column type=&#8221;1_2&#8243; _builder_version=&#8221;4.22.2&#8243; _module_preset=&#8221;default&#8221; global_colors_info=&#8221;{}&#8221;][et_pb_text _builder_version=&#8221;4.24.1&#8243; _module_preset=&#8221;default&#8221; text_font=&#8221;|600|||||||&#8221; text_text_color=&#8221;#000000&#8243; text_font_size=&#8221;16px&#8221; header_2_font=&#8221;||||||||&#8221; header_2_text_color=&#8221;#89173B&#8221; text_text_shadow_style=&#8221;preset2&#8243; text_text_shadow_color=&#8221;rgba(137,23,59,0.26)&#8221; header_2_text_shadow_style=&#8221;preset2&#8243; global_colors_info=&#8221;{}&#8221;]<\/p>\n<h2 style=\"text-align: center;\"><img loading=\"lazy\" decoding=\"async\" class=\"wp-image-565 alignnone \" src=\"https:\/\/narpharma.com\/wp-content\/uploads\/2024\/02\/cagfer-hececioglu-300x300.jpeg\" alt=\"\" width=\"207\" height=\"207\" srcset=\"https:\/\/narpharma.com\/wp-content\/uploads\/2024\/02\/cagfer-hececioglu-300x300.jpeg 300w, https:\/\/narpharma.com\/wp-content\/uploads\/2024\/02\/cagfer-hececioglu-150x150.jpeg 150w, https:\/\/narpharma.com\/wp-content\/uploads\/2024\/02\/cagfer-hececioglu.jpeg 400w\" sizes=\"auto, (max-width: 207px) 100vw, 207px\" \/><\/h2>\n<h2 style=\"text-align: center;\"><span style=\"font-size: large;\"><b>Cafer KE\u00c7EC\u0130O\u011eLU<\/b><\/span><\/h2>\n<p style=\"text-align: center;\">Co-Founder<\/p>\n<p style=\"text-align: center;\"><a href=\"https:\/\/www.linkedin.com\/in\/cafer-ke\u00e7ecio\u011flu-46100377\/?utm_source=share&amp;utm_campaign=share_via&amp;utm_content=profile&amp;utm_medium=android_app\" target=\"_blank\" rel=\"noopener\"><img loading=\"lazy\" decoding=\"async\" src=\"https:\/\/narpharma.com\/wp-content\/uploads\/2024\/02\/linkedin-logo-300x158.jpeg\" width=\"86\" height=\"45\" \/><\/a><\/p>\n<p>[\/et_pb_text][et_pb_divider show_divider=&#8221;off&#8221; divider_weight=&#8221;1px&#8221; color_tablet=&#8221;&#8221; color_phone=&#8221;#89173B&#8221; color_last_edited=&#8221;on|desktop&#8221; show_divider_tablet=&#8221;off&#8221; show_divider_phone=&#8221;on&#8221; show_divider_last_edited=&#8221;on|phone&#8221; _builder_version=&#8221;4.24.1&#8243; _module_preset=&#8221;default&#8221; global_colors_info=&#8221;{}&#8221;][\/et_pb_divider][\/et_pb_column][et_pb_column type=&#8221;1_2&#8243; _builder_version=&#8221;4.22.2&#8243; _module_preset=&#8221;default&#8221; global_colors_info=&#8221;{}&#8221;][et_pb_text _builder_version=&#8221;4.24.1&#8243; _module_preset=&#8221;default&#8221; text_font=&#8221;|600|||||||&#8221; text_text_color=&#8221;#000000&#8243; text_font_size=&#8221;16px&#8221; header_2_font=&#8221;||||||||&#8221; header_2_text_color=&#8221;#89173B&#8221; text_text_shadow_style=&#8221;preset2&#8243; text_text_shadow_color=&#8221;rgba(137,23,59,0.26)&#8221; header_2_text_shadow_style=&#8221;preset2&#8243; global_colors_info=&#8221;{}&#8221;]<\/p>\n<h2 style=\"text-align: center;\"><img loading=\"lazy\" decoding=\"async\" class=\"wp-image-566 alignnone \" src=\"https:\/\/narpharma.com\/wp-content\/uploads\/2024\/02\/gokhan-saglam-300x300.jpeg\" alt=\"\" width=\"212\" height=\"212\" srcset=\"https:\/\/narpharma.com\/wp-content\/uploads\/2024\/02\/gokhan-saglam-300x300.jpeg 300w, https:\/\/narpharma.com\/wp-content\/uploads\/2024\/02\/gokhan-saglam-150x150.jpeg 150w, https:\/\/narpharma.com\/wp-content\/uploads\/2024\/02\/gokhan-saglam.jpeg 400w\" sizes=\"auto, (max-width: 212px) 100vw, 212px\" \/><\/h2>\n<h2 style=\"text-align: center;\"><span style=\"font-size: large;\"><b>G\u00f6khan SA\u011eLAM<\/b><\/span><\/h2>\n<p style=\"text-align: center;\">Co-Founder<\/p>\n<p style=\"text-align: center;\"><a href=\"https:\/\/www.linkedin.com\/in\/gokhan-saglam-3a514452\/?utm_source=share&amp;utm_campaign=share_via&amp;utm_content=profile&amp;utm_medium=android_app\" target=\"_blank\" rel=\"noopener\"><img loading=\"lazy\" decoding=\"async\" src=\"https:\/\/narpharma.com\/wp-content\/uploads\/2024\/02\/linkedin-logo-300x158.jpeg\" width=\"86\" height=\"45\" \/><\/a><\/p>\n<p>[\/et_pb_text][\/et_pb_column][\/et_pb_row][et_pb_row _builder_version=&#8221;4.24.1&#8243; _module_preset=&#8221;default&#8221; global_colors_info=&#8221;{}&#8221;][et_pb_column type=&#8221;4_4&#8243; _builder_version=&#8221;4.24.1&#8243; _module_preset=&#8221;default&#8221; global_colors_info=&#8221;{}&#8221;][et_pb_divider _builder_version=&#8221;4.24.1&#8243; _module_preset=&#8221;default&#8221; global_colors_info=&#8221;{}&#8221;][\/et_pb_divider][\/et_pb_column][\/et_pb_row][et_pb_row column_structure=&#8221;1_2,1_2&#8243; _builder_version=&#8221;4.22.2&#8243; _module_preset=&#8221;default&#8221; global_colors_info=&#8221;{}&#8221;][et_pb_column type=&#8221;1_2&#8243; _builder_version=&#8221;4.22.2&#8243; _module_preset=&#8221;default&#8221; global_colors_info=&#8221;{}&#8221;][et_pb_text admin_label=&#8221;Vision&#8221; _builder_version=&#8221;4.24.1&#8243; _module_preset=&#8221;default&#8221; text_font=&#8221;|600|||||||&#8221; text_text_color=&#8221;#000000&#8243; text_font_size=&#8221;16px&#8221; header_2_font=&#8221;||||||||&#8221; header_2_text_color=&#8221;#89173B&#8221; text_text_shadow_style=&#8221;preset2&#8243; text_text_shadow_color=&#8221;rgba(137,23,59,0.26)&#8221; header_2_text_shadow_style=&#8221;preset2&#8243; global_colors_info=&#8221;{}&#8221;]<\/p>\n<h2 style=\"text-align: center;\"><span style=\"font-size: large;\"><b>VISION<\/b><\/span><\/h2>\n<p>In all business lines; To be a pioneer and leading company in the international market.<\/p>\n<p>[\/et_pb_text][\/et_pb_column][et_pb_column type=&#8221;1_2&#8243; _builder_version=&#8221;4.22.2&#8243; _module_preset=&#8221;default&#8221; global_colors_info=&#8221;{}&#8221;][et_pb_text admin_label=&#8221;Mision&#8221; _builder_version=&#8221;4.24.1&#8243; _module_preset=&#8221;default&#8221; text_font=&#8221;|600|||||||&#8221; text_text_color=&#8221;#000000&#8243; text_font_size=&#8221;16px&#8221; header_2_font=&#8221;||||||||&#8221; header_2_text_color=&#8221;#89173B&#8221; text_text_shadow_style=&#8221;preset2&#8243; text_text_shadow_color=&#8221;rgba(137,23,59,0.26)&#8221; header_2_text_shadow_style=&#8221;preset2&#8243; global_colors_info=&#8221;{}&#8221;]<\/p>\n<h2 style=\"text-align: center;\"><span style=\"font-size: large;\"><b>MISION<\/b><\/span><\/h2>\n<p>To be a company that can establish safe, sincere, people-oriented relationships with all stakeholders it cooperates with.<\/p>\n<p>[\/et_pb_text][\/et_pb_column][\/et_pb_row][et_pb_row _builder_version=&#8221;4.22.2&#8243; _module_preset=&#8221;default&#8221; global_colors_info=&#8221;{}&#8221;][et_pb_column type=&#8221;4_4&#8243; _builder_version=&#8221;4.22.2&#8243; _module_preset=&#8221;default&#8221; global_colors_info=&#8221;{}&#8221;][et_pb_text admin_label=&#8221;Values&#8221; _builder_version=&#8221;4.24.1&#8243; _module_preset=&#8221;default&#8221; text_font=&#8221;|600|||||||&#8221; text_text_color=&#8221;#000000&#8243; text_font_size=&#8221;16px&#8221; header_2_font=&#8221;||||||||&#8221; header_2_text_color=&#8221;#89173B&#8221; text_text_shadow_style=&#8221;preset2&#8243; text_text_shadow_color=&#8221;rgba(137,23,59,0.26)&#8221; header_2_text_shadow_style=&#8221;preset2&#8243; global_colors_info=&#8221;{}&#8221;]<\/p>\n<h2 style=\"text-align: center;\"><span style=\"font-size: large;\"><b>VALUES<\/b><\/span><\/h2>\n<p style=\"text-align: center;\">QUALITY<\/p>\n<p style=\"text-align: center;\">CUSTOMER SATISFACTION<\/p>\n<p style=\"text-align: center;\">SOLUTION ORIENTATION<\/p>\n<p style=\"text-align: center;\">SINCERITY<\/p>\n<p style=\"text-align: center;\">TRUST<\/p>\n<p style=\"text-align: center;\">HUMAN ORIENTATION<\/p>\n<p style=\"text-align: center;\">SUCCESS<\/p>\n<p>[\/et_pb_text][et_pb_image src=&#8221;https:\/\/narpharma.com\/wp-content\/uploads\/2023\/09\/NARPHARMA-LOGO-250-150.jpg&#8221; title_text=&#8221;NARPHARMA-LOGO-250-150&#8243; show_bottom_space=&#8221;off&#8221; align=&#8221;right&#8221; align_tablet=&#8221;right&#8221; align_phone=&#8221;center&#8221; align_last_edited=&#8221;on|tablet&#8221; admin_label=&#8221;Logo&#8221; _builder_version=&#8221;4.24.1&#8243; _module_preset=&#8221;default&#8221; custom_margin=&#8221;-150px||||false|false&#8221; custom_margin_tablet=&#8221;-150px||||false|false&#8221; custom_margin_phone=&#8221;0px||||false|false&#8221; custom_margin_last_edited=&#8221;on|phone&#8221; custom_padding=&#8221;||||false|false&#8221; global_colors_info=&#8221;{}&#8221;][\/et_pb_image][\/et_pb_column][\/et_pb_row][\/et_pb_section]<\/p>\n","protected":false},"excerpt":{"rendered":"<p>ABOUT &nbsp; Nar Pharma is a pharmaceutical, food supplement and food company founded in 2023 by two young business people who wanted to gather nearly 20 years of experience gained in leading companies in the sector under their own company roof. It was established in order to cooperate with leading and professional manufacturers in its [&hellip;]<\/p>\n","protected":false},"author":1,"featured_media":0,"parent":0,"menu_order":0,"comment_status":"closed","ping_status":"closed","template":"","meta":{"_et_pb_use_builder":"on","_et_pb_old_content":"<!-- wp:divi\/placeholder \/-->","_et_gb_content_width":"","footnotes":""},"class_list":["post-20","page","type-page","status-publish","hentry"],"_links":{"self":[{"href":"https:\/\/narpharma.com\/index.php\/wp-json\/wp\/v2\/pages\/20","targetHints":{"allow":["GET"]}}],"collection":[{"href":"https:\/\/narpharma.com\/index.php\/wp-json\/wp\/v2\/pages"}],"about":[{"href":"https:\/\/narpharma.com\/index.php\/wp-json\/wp\/v2\/types\/page"}],"author":[{"embeddable":true,"href":"https:\/\/narpharma.com\/index.php\/wp-json\/wp\/v2\/users\/1"}],"replies":[{"embeddable":true,"href":"https:\/\/narpharma.com\/index.php\/wp-json\/wp\/v2\/comments?post=20"}],"version-history":[{"count":27,"href":"https:\/\/narpharma.com\/index.php\/wp-json\/wp\/v2\/pages\/20\/revisions"}],"predecessor-version":[{"id":702,"href":"https:\/\/narpharma.com\/index.php\/wp-json\/wp\/v2\/pages\/20\/revisions\/702"}],"wp:attachment":[{"href":"https:\/\/narpharma.com\/index.php\/wp-json\/wp\/v2\/media?parent=20"}],"curies":[{"name":"wp","href":"https:\/\/api.w.org\/{rel}","templated":true}]}}